{"id":1754,"date":"2025-01-21T09:00:24","date_gmt":"2025-01-21T08:00:24","guid":{"rendered":"https:\/\/www.moore-rhein-ruhr.de\/?page_id=1754"},"modified":"2026-04-28T11:47:10","modified_gmt":"2026-04-28T09:47:10","slug":"company-profile-2","status":"publish","type":"page","link":"https:\/\/www.moore-rhein-ruhr.de\/en\/company-profile-2\/","title":{"rendered":"Company profile"},"content":{"rendered":"<div>Company profile<\/div>\n<h1>The competent partner by your side<\/h1>\n<div>\n<p>Moore Rhein-Ruhr GmbH Wirtschaftspr\u00fcfungsgesellschaft is associated with MGK Partner PartG mbB Wirtschaftspr\u00fcfer Rechtsanw\u00e4lte Steuerberater (MGK Partner), a professional partnership under German law. Having started out as a pure tax firm in Duisburg, Germany, more than 60 years ago, MGK Partner offers competent and comprehensive legal and tax advice under one roof. With the formation of Moore Rhein-Ruhr in 1977, the firm extended its service portfolio to include statutory audits, business opinions and in particular company valuations as well as other tasks required by law to be carried out by auditors\/tax advisors. In 1990 the consultancy group opened its Potsdam branch office, whose partners and employees look after clients in the metropolitan area of Berlin\/Brandenburg. We have also been represented in D\u00fcsseldorf since 2021.<\/p>\n<p>An integral component of the company philosophy is the personal advice provided by the partners and the relationship of trust between clients and partners. Each client is looked after by at least one partner who acts as the point of contact for all questions regarding the planning and implementation of the work to be undertaken. He or she also handles the internal and external coordination in the event that specialists need to be involved in particular cases. If this is the case, the partner will draw on the know-how and expertise of a broad network of experts.<\/p>\n<p>Moore Rhein-Ruhr is a legally independent member of the Moore network, which counts among one of the largest international networks of independent, owner-managed auditing and tax consultancy firms. With more than 37,000 employees in 114 countries around the world, Moore is able to offer competent and reliable support in Germany and beyond.<\/p>\n<\/div>\n<div>\n<p>        <img decoding=\"async\" src=\"\/wp-content\/uploads\/2025\/01\/MGK-Shooting-2021.jpg\" alt=\"\"><\/p>\n<h3>Get to know us<\/h3>\n<p><a href=\"\/en\/teams-locations\/contacts-and-teams\/\">Contact persons<\/a><\/p>\n<\/div>\n<div>\n<p>        <img decoding=\"async\" src=\"\/wp-content\/uploads\/2025\/01\/R62_1467-Verbessert-RR.jpg\" alt=\"\"><\/p>\n<h3>  Get to know us<\/h3>\n<p><a href=\"https:\/\/www.moore-rhein-ruhr.de\/en\/contacts-and-teams\/\">Contact persons<\/a><\/p>\n<\/div>\n<h2>What sets us apart<\/h2>\n<div>\n<p>Our clients rely on our professional know-how and expertise in order for us to work together to develop tailored solutions or carry out conclusive assessments. This is why we place great value on professional qualifications. All partners and the majority of our employees have not only completed a university degree, but have passed at least one additional professional exam.\u00a0 Many have completed multiple professional examinations. Moreover, several members of our firm act as examiners for professional examinations. In addition, the know-how and scholarly opinions issued by our experts attract interest in professional circles. In addition to regular publications in renowned professional journals, some members of the firm belong to the team of authors of juris PraxisReport Handels- und Gesellschaftsrecht, a predominantly publicly financed German database service providing commentary in the field of commercial and corporate case-law and legislation.<\/p>\n<p><strong>We provide support based on mutual trust.<\/strong><\/p>\n<p>The ability to provide good advice does not only require specialist knowledge, but is also based on a thorough understanding of the mindset of the client and a relationship of trust between client and advisor. We therefore place great value on our partners personally providing support to clients. Partners are responsible for the client\u2019s day-to-day business and are point of contact both internally and externally in the event that specialists need to be consulted in particular cases.<\/p>\n<\/div>\n<h2>\n<p>And the award goes to\u2026<br \/>\nMGK Partner is one of the 100 top firms of tax advisors in Germany<\/p>\n<\/h2>\n<p><img decoding=\"async\" src=\"https:\/\/www.moore-rhein-ruhr.de\/wp-content\/uploads\/2025\/06\/Top-Steuerberater-2025.jpg\" alt=\"\"><\/p>\n<div>\n<p>Read the whole article regarding the survey run by the German magazine, FOCUS MONEY.<\/p>\n<\/div>\n<p><p>\n        <a href=\"https:\/\/www.moore-rhein-ruhr.de\/wp-content\/uploads\/2025\/06\/Top-Steuerberater.pdf\">To the article<\/a>\n    <\/p>\n<\/p>\n<h2>Our awards<\/h2>\n<div>\n<p>An integral part of our corporate philosophy is the personal and reliable support provided by the partners, backed by a broad network of experts. This philosophy is also reflected in the awards that our firm has received.<\/p>\n<ul>\n<li>In 2025, FOCUS Money once again named MGK Partner as one of the 100 largest top tax consultancy and auditing firms in Germany.<\/li>\n<li>On the TOP-List of the magazine \u201cFocus Business\u201d (April 03\/2026) which is based on recommendations by other public accountants and tax advisors, Moore Rhein-Ruhr\/MGK Partner was awarded as TOP tax consultancy firm in the sector tax.<\/li>\n<li>The magazine \u201cHandelsblatt\u201d awarded MGK Partner in 2025 as one of the TOP tax consultancy firms in Germany. Moore Rhein-Ruhr is on of the best auditing firms according to the magazine \u201cHandelsblatt\u201d.<\/li>\n<\/ul>\n<p>For more information about our tax consultancy offers, please click here.<\/p>\n<p>Source: FOCUS Money, 24\/2025; Focus Business (April 03, 2026), Handelsblatt (March 19, 2025)<\/p>\n<\/div>\n<p><!--more--><br \/>\n<!-- {\"type\":\"layout\",\"children\":[{\"type\":\"section\",\"props\":{\"class\":\"splitted-header\",\"divider_height\":\"120\",\"divider_layers_gap\":\"5\",\"divider_layers_opacity\":\"0.5\",\"divider_position\":\"top\",\"divider_responsive\":true,\"divider_shadow_blur_radius\":\"5\",\"divider_shadow_color\":\"#00000080\",\"divider_shadow_offset_x\":\"0\",\"divider_shadow_offset_y\":\"5\",\"divider_width\":\"100\",\"height\":\"pixels\",\"image\":\"wp-content\\\/uploads\\\/2025\\\/01\\\/R62_2295-2.jpg\",\"image_parallax_bgx\":\"-360\",\"image_position\":\"center-right\",\"image_size\":\"cover\",\"media_overlay\":\"#320707\",\"media_overlay_gradient\":\"background: rgb(0,161,229,0.5); background: linear-gradient(143deg, rgba(0,161,229,0.4) 50%, rgba(255,255,255,0) 50%);\",\"padding\":\"large\",\"padding_custom_bottom\":\"70\",\"padding_custom_top\":\"70\",\"padding_remove_horizontal\":false,\"style\":\"default\",\"style_custom_color\":\"#ccc\",\"text_color\":\"light\",\"title_breakpoint\":\"xl\",\"title_position\":\"top-left\",\"title_rotation\":\"left\",\"vertical_align\":\"\",\"width\":\"default\"},\"children\":[{\"type\":\"row\",\"children\":[{\"type\":\"column\",\"props\":{\"image_position\":\"center-center\",\"position_sticky_breakpoint\":\"m\",\"vertical_align\":\"middle\",\"width_medium\":\"1-2\"},\"children\":[{\"type\":\"headline\",\"props\":{\"class\":\"parent-category\",\"content\":\"Company profile\",\"title_color\":\"success\",\"title_element\":\"div\"},\"name\":\"Dachzeile\"},{\"type\":\"headline\",\"props\":{\"content\":\"The competent partner by your side\",\"margin_remove_bottom\":true,\"margin_remove_top\":true,\"title_color\":\"success\",\"title_element\":\"h1\"},\"name\":\"Titel\"}]},{\"type\":\"column\",\"props\":{\"image_position\":\"center-center\",\"position_sticky_breakpoint\":\"m\",\"vertical_align\":\"bottom\",\"width_medium\":\"1-2\"}}],\"props\":{\"layout\":\"1-2,1-2\"}}],\"name\":\"Header subpage\"},{\"type\":\"section\",\"props\":{\"image_position\":\"center-center\",\"style\":\"default\",\"title_breakpoint\":\"xl\",\"title_position\":\"top-left\",\"title_rotation\":\"left\",\"vertical_align\":\"middle\",\"width\":\"default\"},\"children\":[{\"type\":\"row\",\"children\":[{\"type\":\"column\",\"props\":{\"image_position\":\"center-center\",\"position_sticky_breakpoint\":\"m\",\"width_medium\":\"1-2\"},\"children\":[{\"type\":\"text\",\"props\":{\"column_breakpoint\":\"m\",\"content\":\"\n\n<p>Moore Rhein-Ruhr GmbH Wirtschaftspr\\u00fcfungsgesellschaft is associated with MGK Partner PartG mbB Wirtschaftspr\\u00fcfer Rechtsanw\\u00e4lte Steuerberater (MGK Partner), a professional partnership under German law. Having started out as a pure tax firm in Duisburg, Germany, more than 60 years ago, MGK Partner offers competent and comprehensive legal and tax advice under one roof. With the formation of Moore Rhein-Ruhr in 1977, the firm extended its service portfolio to include statutory audits, business opinions and in particular company valuations as well as other tasks required by law to be carried out by auditors\\\/tax advisors. In 1990 the consultancy group opened its Potsdam branch office, whose partners and employees look after clients in the metropolitan area of Berlin\\\/Brandenburg. We have also been represented in D\\u00fcsseldorf since 2021.<\\\/p>\\n\n\n<p>An integral component of the company philosophy is the personal advice provided by the partners and the relationship of trust between clients and partners. Each client is looked after by at least one partner who acts as the point of contact for all questions regarding the planning and implementation of the work to be undertaken. He or she also handles the internal and external coordination in the event that specialists need to be involved in particular cases. If this is the case, the partner will draw on the know-how and expertise of a broad network of experts.<\\\/p>\\n\n\n<p>Moore Rhein-Ruhr is a legally independent member of the Moore network, which counts among one of the largest international networks of independent, owner-managed auditing and tax consultancy firms. With more than 37,000 employees in 114 countries around the world, Moore is able to offer competent and reliable support in Germany and beyond.<\\\/p>\",\"margin\":\"default\"}}]},{\"type\":\"column\",\"props\":{\"image_position\":\"center-center\",\"position_sticky_breakpoint\":\"m\",\"width_medium\":\"1-2\"},\"children\":[{\"type\":\"panel\",\"props\":{\"content_column_breakpoint\":\"m\",\"icon_width\":80,\"image\":\"wp-content\\\/uploads\\\/2025\\\/01\\\/MGK-Shooting-2021.jpg\",\"image_align\":\"top\",\"image_grid_breakpoint\":\"m\",\"image_grid_width\":\"1-2\",\"image_height\":450,\"image_svg_color\":\"emphasis\",\"image_width\":600,\"link\":\"en\\\/teams-locations\\\/contacts-and-teams\\\/\",\"link_style\":\"default\",\"link_text\":\"Contact persons\",\"margin\":\"default\",\"meta_align\":\"below-title\",\"meta_element\":\"div\",\"meta_style\":\"text-meta\",\"panel_image_no_padding\":true,\"panel_padding\":\"default\",\"panel_style\":\"card-primary\",\"title\":\"Get to know us\",\"title_align\":\"top\",\"title_element\":\"h3\",\"title_grid_breakpoint\":\"m\",\"title_grid_width\":\"1-2\",\"title_hover_style\":\"reset\"}}]}],\"props\":{\"layout\":\"1-2,1-2\"}}]},{\"type\":\"section\",\"props\":{\"divider_height\":\"120\",\"divider_layers_gap\":\"5\",\"divider_layers_opacity\":\"0.5\",\"divider_position\":\"top\",\"divider_responsive\":true,\"divider_shadow_blur_radius\":\"5\",\"divider_shadow_color\":\"#00000080\",\"divider_shadow_offset_x\":\"0\",\"divider_shadow_offset_y\":\"5\",\"divider_width\":\"100\",\"image_position\":\"center-center\",\"padding_custom_bottom\":\"70\",\"padding_custom_top\":\"70\",\"style\":\"muted\",\"style_custom_color\":\"#ccc\",\"title_breakpoint\":\"xl\",\"title_position\":\"top-left\",\"title_rotation\":\"left\",\"vertical_align\":\"middle\",\"width\":\"default\"},\"children\":[{\"type\":\"row\",\"children\":[{\"type\":\"column\",\"props\":{\"image_position\":\"center-center\",\"position_sticky_breakpoint\":\"m\",\"width_medium\":\"1-2\"},\"children\":[{\"type\":\"panel\",\"props\":{\"content_column_breakpoint\":\"m\",\"icon_width\":80,\"image\":\"wp-content\\\/uploads\\\/2025\\\/01\\\/R62_1467-Verbessert-RR.jpg\",\"image_align\":\"top\",\"image_grid_breakpoint\":\"m\",\"image_grid_width\":\"1-2\",\"image_height\":450,\"image_svg_color\":\"emphasis\",\"image_width\":600,\"link\":\"\\\/en\\\/contacts-and-teams\\\/\",\"link_style\":\"default\",\"link_text\":\"Contact persons\",\"margin\":\"default\",\"meta_align\":\"below-title\",\"meta_element\":\"div\",\"meta_style\":\"text-meta\",\"panel_image_no_padding\":true,\"panel_padding\":\"default\",\"panel_style\":\"card-secondary\",\"title\":\"  Get to know us\",\"title_align\":\"top\",\"title_element\":\"h3\",\"title_grid_breakpoint\":\"m\",\"title_grid_width\":\"1-2\",\"title_hover_style\":\"reset\"}}]},{\"type\":\"column\",\"props\":{\"image_position\":\"center-center\",\"position_sticky_breakpoint\":\"m\",\"width_medium\":\"1-2\"},\"children\":[{\"type\":\"headline\",\"props\":{\"content\":\"What sets us apart\",\"title_element\":\"h2\"}},{\"type\":\"text\",\"props\":{\"column_breakpoint\":\"m\",\"content\":\"\n\n<p>Our clients rely on our professional know-how and expertise in order for us to work together to develop tailored solutions or carry out conclusive assessments. This is why we place great value on professional qualifications. All partners and the majority of our employees have not only completed a university degree, but have passed at least one additional professional exam.\\u00a0 Many have completed multiple professional examinations. Moreover, several members of our firm act as examiners for professional examinations. In addition, the know-how and scholarly opinions issued by our experts attract interest in professional circles. In addition to regular publications in renowned professional journals, some members of the firm belong to the team of authors of juris PraxisReport Handels- und Gesellschaftsrecht, a predominantly publicly financed German database service providing commentary in the field of commercial and corporate case-law and legislation.<\\\/p>\\n\n\n<p><strong>We provide support based on mutual trust.<\\\/strong><\\\/p>\\n\n\n<p>The ability to provide good advice does not only require specialist knowledge, but is also based on a thorough understanding of the mindset of the client and a relationship of trust between client and advisor. We therefore place great value on our partners personally providing support to clients. Partners are responsible for the client\\u2019s day-to-day business and are point of contact both internally and externally in the event that specialists need to be consulted in particular cases.<\\\/p>\",\"margin\":\"default\"}}]}],\"props\":{\"layout\":\"1-2,1-2\"}}]},{\"type\":\"section\",\"props\":{\"animation\":\"slide-bottom-small\",\"animation_delay\":\"200\",\"divider_height\":\"120\",\"divider_layers_gap\":\"5\",\"divider_layers_opacity\":\"0.5\",\"divider_position\":\"top\",\"divider_responsive\":true,\"divider_shadow_blur_radius\":\"5\",\"divider_shadow_color\":\"#00000080\",\"divider_shadow_offset_x\":\"0\",\"divider_shadow_offset_y\":\"5\",\"divider_width\":\"100\",\"image_position\":\"center-center\",\"padding_custom_bottom\":\"70\",\"padding_custom_top\":\"70\",\"style\":\"default\",\"style_custom_color\":\"#ccc\",\"title_breakpoint\":\"xl\",\"title_position\":\"top-left\",\"title_rotation\":\"left\",\"vertical_align\":\"middle\",\"width\":\"default\"},\"children\":[{\"type\":\"row\",\"props\":{\"layout\":\"1-2,1-2\"},\"children\":[{\"type\":\"column\",\"props\":{\"image_position\":\"center-center\",\"position_sticky_breakpoint\":\"m\",\"style\":\"tile-muted\",\"width_medium\":\"1-2\"},\"children\":[{\"type\":\"headline\",\"props\":{\"content\":\"\n\n<p>And the award goes to\\u2026<br \\\/>\\nMGK Partner is one of the 100 top firms of tax advisors in Germany<\\\/p>\",\"text_align\":\"center\",\"title_element\":\"h2\"}},{\"type\":\"image\",\"props\":{\"image\":\"https:\\\/\\\/www.moore-rhein-ruhr.de\\\/wp-content\\\/uploads\\\/2025\\\/06\\\/Top-Steuerberater-2025.jpg\",\"image_svg_color\":\"emphasis\",\"margin\":\"default\",\"text_align\":\"center\"}},{\"type\":\"text\",\"props\":{\"column_breakpoint\":\"m\",\"content\":\"\n\n<p>Read the whole article regarding the survey run by the German magazine, FOCUS MONEY.<\\\/p>\",\"margin\":\"default\"}},{\"type\":\"button\",\"props\":{\"grid_column_gap\":\"small\",\"grid_row_gap\":\"small\",\"margin\":\"default\"},\"children\":[{\"type\":\"button_item\",\"props\":{\"button_style\":\"primary\",\"content\":\"To the article\",\"dialog_layout\":\"modal\",\"dialog_offcanvas_flip\":true,\"icon\":\"file-pdf\",\"icon_align\":\"left\",\"link\":\"https:\\\/\\\/www.moore-rhein-ruhr.de\\\/wp-content\\\/uploads\\\/2025\\\/06\\\/Top-Steuerberater.pdf\"}}]}]},{\"type\":\"column\",\"props\":{\"image_position\":\"center-center\",\"position_sticky_breakpoint\":\"m\",\"width_medium\":\"1-2\"},\"children\":[{\"type\":\"headline\",\"props\":{\"content\":\"Our awards\",\"title_element\":\"h2\"}},{\"type\":\"text\",\"props\":{\"column_breakpoint\":\"m\",\"content\":\"\n\n<p>An integral part of our corporate philosophy is the personal and reliable support provided by the partners, backed by a broad network of experts. This philosophy is also reflected in the awards that our firm has received.<\\\/p>\\n\n\n<ul>\\n\n\n<li>In 2025, FOCUS Money once again named MGK Partner as one of the 100 largest top tax consultancy and auditing firms in Germany.<\\\/li>\\n\n\n<li>On the TOP-List of the magazine \\u201cFocus Business\\u201d (April 03\\\/2026) which is based on recommendations by other public accountants and tax advisors, Moore Rhein-Ruhr\\\/MGK Partner was awarded as TOP tax consultancy firm in the sector tax.<\\\/li>\\n\n\n<li>The magazine \\u201cHandelsblatt\\u201d awarded MGK Partner in 2025 as one of the TOP tax consultancy firms in Germany. Moore Rhein-Ruhr is on of the best auditing firms according to the magazine \\u201cHandelsblatt\\u201d.<\\\/li>\\n<\\\/ul>\\n\n\n<p>For more information about our tax consultancy offers, please click here.<\\\/p>\\n\n\n<p>Source: FOCUS Money, 24\\\/2025; Focus Business (April 03, 2026), Handelsblatt (March 19, 2025)<\\\/p>\",\"margin\":\"default\"}}]}]}],\"name\":\"Auszeichnungen Section\"}],\"version\":\"4.5.33\",\"yooessentialsVersion\":\"2.4.12\"} --><\/p>\n","protected":false},"excerpt":{"rendered":"<p>Company profile The competent partner by your side Moore Rhein-Ruhr GmbH Wirtschaftspr\u00fcfungsgesellschaft is associated with MGK Partner PartG mbB Wirtschaftspr\u00fcfer Rechtsanw\u00e4lte Steuerberater (MGK Partner), a professional partnership under German law. Having started out as a pure tax firm in Duisburg, Germany, more than 60 years ago, MGK Partner offers competent and comprehensive legal and tax [&hellip;]<\/p>\n","protected":false},"author":1,"featured_media":0,"parent":0,"menu_order":0,"comment_status":"closed","ping_status":"closed","template":"","meta":{"_acf_changed":false,"footnotes":""},"class_list":["post-1754","page","type-page","status-publish","hentry"],"acf":[],"_links":{"self":[{"href":"https:\/\/www.moore-rhein-ruhr.de\/en\/wp-json\/wp\/v2\/pages\/1754","targetHints":{"allow":["GET"]}}],"collection":[{"href":"https:\/\/www.moore-rhein-ruhr.de\/en\/wp-json\/wp\/v2\/pages"}],"about":[{"href":"https:\/\/www.moore-rhein-ruhr.de\/en\/wp-json\/wp\/v2\/types\/page"}],"author":[{"embeddable":true,"href":"https:\/\/www.moore-rhein-ruhr.de\/en\/wp-json\/wp\/v2\/users\/1"}],"replies":[{"embeddable":true,"href":"https:\/\/www.moore-rhein-ruhr.de\/en\/wp-json\/wp\/v2\/comments?post=1754"}],"version-history":[{"count":10,"href":"https:\/\/www.moore-rhein-ruhr.de\/en\/wp-json\/wp\/v2\/pages\/1754\/revisions"}],"predecessor-version":[{"id":2836,"href":"https:\/\/www.moore-rhein-ruhr.de\/en\/wp-json\/wp\/v2\/pages\/1754\/revisions\/2836"}],"wp:attachment":[{"href":"https:\/\/www.moore-rhein-ruhr.de\/en\/wp-json\/wp\/v2\/media?parent=1754"}],"curies":[{"name":"wp","href":"https:\/\/api.w.org\/{rel}","templated":true}]}}