{"id":1431,"date":"2022-02-03T11:08:44","date_gmt":"2022-02-03T10:08:44","guid":{"rendered":"https:\/\/www.moore-rhein-ruhr.de\/teams-standorte\/"},"modified":"2024-12-17T07:18:02","modified_gmt":"2024-12-17T06:18:02","slug":"teams-locations","status":"publish","type":"page","link":"https:\/\/www.moore-rhein-ruhr.de\/en\/teams-locations\/","title":{"rendered":"Teams &#038; Locations"},"content":{"rendered":"<h1>Standorte und Mandanten<\/h1>\n<div>in Deutschland<\/div>\n<p><img decoding=\"async\" src=\"\/wp-content\/uploads\/2024\/10\/Standorte-Mandanten_2021.jpg\" alt=\"\"><\/p>\n<ul>\n<li>\n<p><img decoding=\"async\" src=\"\/wp-content\/uploads\/2024\/10\/duisburg.jpg\" alt=\"\"><\/p>\n<h3>B\u00fcro Duisburg<\/h3>\n<div>\n<p>MGK PARTNER Moore Rhein-Ruhr GmbH Wirtschaftspr\u00fcfungsgesellschaft<\/p>\n<p>Kuhlenwall 20<br \/>47051 Duisburg<\/p>\n<p>T +49 203 29506-0<br \/>F +49 203 29506-611<\/p>\n<p><a href=\"mailto:info@moore-rhein-ruhr.de\">info@moore-rhein-ruhr.de<br \/><\/a><a href=\"mailto:info@mgk-partner.de\">info@mgk-partner.de<\/a><\/p>\n<p><a href=\"http:\/\/t.ly\/NyqrF\" target=\"_blank\" rel=\"noopener\">Routenplaner \/ Anfahrt<\/a><\/p>\n<\/div>\n<\/li>\n<li>\n<p><img decoding=\"async\" src=\"\/wp-content\/uploads\/2024\/10\/potsdam.jpg\" alt=\"\"><\/p>\n<h3>B\u00fcro Potsdam<\/h3>\n<div>\n<p>MGK PARTNER BRANDENBURGISCHE REVISIONSGESELLSCHAFT<\/p>\n<p>Karl-Marx-Str. 40<br \/>14482 Potsdam<\/p>\n<div>\n<p>T +49 331 74395-0<br \/>F +49 331 74395-19<\/p>\n<p><a href=\"mailto:potsdam@mgk-partner.de\">potsdam@mgk-partner.de<\/a><\/p>\n<p><a href=\"http:\/\/t.ly\/hWEb8\" target=\"_blank\" rel=\"noopener\">Routenplaner \/ Anfahrt<\/a><\/p>\n<\/div>\n<\/div>\n<\/li>\n<li>\n<p><img decoding=\"async\" src=\"\/wp-content\/uploads\/2024\/10\/duesseldorf.jpg\" alt=\"\"><\/p>\n<h3>B\u00fcro D\u00fcsseldorf<\/h3>\n<div>\n<p>MGK PARTNER Moore Rhein-Ruhr GmbH Wirtschaftspr\u00fcfungsgesellschaft<\/p>\n<p>Klever Str. 31<br \/>40477 D\u00fcsseldorf<\/p>\n<p>T +49 211 495572-95<br \/>F +49 211 495572-96<\/p>\n<p><a href=\"mailto:info@moore-rhein-ruhr.de\">info@moore-rhein-ruhr.de<\/a><br \/><a href=\"mailto:info@mgk-partner.de\">info@mgk-partner.de<\/a><\/p>\n<p><a href=\"http:\/\/t.ly\/M_5cQ\" target=\"_blank\" rel=\"noopener\">Routenplaner \/ Anfahrt<\/a><\/p>\n<\/div>\n<\/li>\n<\/ul>\n<p><!--more--><br \/>\n<!-- {\"type\":\"layout\",\"children\":[{\"type\":\"section\",\"props\":{\"animation\":\"slide-left-small\",\"animation_delay\":\"200\",\"class\":\"splitted-header\",\"divider_height\":\"120\",\"divider_layers_gap\":\"5\",\"divider_layers_opacity\":\"0.5\",\"divider_position\":\"top\",\"divider_responsive\":true,\"divider_shadow_blur_radius\":\"5\",\"divider_shadow_color\":\"#00000080\",\"divider_shadow_offset_x\":\"0\",\"divider_shadow_offset_y\":\"5\",\"divider_width\":\"100\",\"height\":\"pixels\",\"image\":\"wp-content\\\/uploads\\\/2024\\\/10\\\/teams-standorte.jpg\",\"image_parallax_bgx\":\"-360\",\"image_position\":\"bottom-center\",\"image_size\":\"cover\",\"media_overlay\":\"#320707\",\"media_overlay_gradient\":\"background: rgb(0,161,229,0.5); background: linear-gradient(143deg, rgba(0,161,229,0.4) 50%, rgba(255,255,255,0) 50%);\",\"padding\":\"large\",\"padding_custom_bottom\":\"70\",\"padding_custom_top\":\"70\",\"padding_remove_horizontal\":false,\"style\":\"default\",\"style_custom_color\":\"#ccc\",\"text_color\":\"light\",\"title_breakpoint\":\"xl\",\"title_position\":\"top-left\",\"title_rotation\":\"left\",\"vertical_align\":\"\",\"width\":\"default\"},\"children\":[{\"type\":\"row\",\"children\":[{\"type\":\"column\",\"props\":{\"image_position\":\"center-center\",\"position_sticky_breakpoint\":\"m\",\"vertical_align\":\"middle\",\"width_medium\":\"1-2\"},\"children\":[{\"type\":\"headline\",\"props\":{\"content\":\"Standorte und Mandanten\",\"margin_remove_bottom\":true,\"margin_remove_top\":true,\"title_color\":\"success\",\"title_element\":\"h1\"},\"name\":\"Titel\"},{\"type\":\"headline\",\"props\":{\"class\":\"parent-category\",\"content\":\"in Deutschland\",\"title_color\":\"success\",\"title_element\":\"div\"},\"name\":\"Dachzeile\"}]},{\"type\":\"column\",\"props\":{\"image_position\":\"center-center\",\"position_sticky_breakpoint\":\"m\",\"vertical_align\":\"bottom\",\"width_medium\":\"1-2\"}}],\"props\":{\"layout\":\"1-2,1-2\"}}],\"name\":\"splitted-header\"},{\"type\":\"section\",\"props\":{\"divider_height\":\"120\",\"divider_layers_gap\":\"5\",\"divider_layers_opacity\":\"0.5\",\"divider_position\":\"top\",\"divider_responsive\":true,\"divider_shadow_blur_radius\":\"5\",\"divider_shadow_color\":\"#00000080\",\"divider_shadow_offset_x\":\"0\",\"divider_shadow_offset_y\":\"5\",\"divider_width\":\"100\",\"image_position\":\"center-center\",\"padding_custom_bottom\":\"70\",\"padding_custom_top\":\"70\",\"style\":\"default\",\"style_custom_color\":\"#ccc\",\"title_breakpoint\":\"xl\",\"title_position\":\"top-left\",\"title_rotation\":\"left\",\"vertical_align\":\"middle\",\"width\":\"default\"},\"children\":[{\"type\":\"row\",\"props\":{\"layout\":\"3-5,2-5\"},\"children\":[{\"type\":\"column\",\"props\":{\"image_position\":\"center-center\",\"position_sticky\":\"section\",\"position_sticky_breakpoint\":\"m\",\"position_sticky_offset\":\"150\",\"width_medium\":\"3-5\"},\"children\":[{\"type\":\"image\",\"props\":{\"block_align\":\"center\",\"image\":\"wp-content\\\/uploads\\\/2024\\\/10\\\/Standorte-Mandanten_2021.jpg\",\"image_svg_color\":\"emphasis\",\"margin\":\"default\",\"text_align\":\"center\"}}]},{\"type\":\"column\",\"props\":{\"image_position\":\"center-center\",\"position_sticky_breakpoint\":\"m\",\"width_medium\":\"2-5\"},\"children\":[{\"type\":\"grid\",\"props\":{\"content_column_breakpoint\":\"m\",\"filter_align\":\"left\",\"filter_all\":true,\"filter_grid_breakpoint\":\"m\",\"filter_grid_width\":\"auto\",\"filter_position\":\"top\",\"filter_style\":\"tab\",\"grid_default\":\"1\",\"grid_medium\":\"\",\"icon_width\":80,\"image_align\":\"left\",\"image_grid_breakpoint\":\"m\",\"image_grid_width\":\"auto\",\"image_svg_color\":\"emphasis\",\"item_animation\":true,\"link_style\":\"default\",\"link_text\":\"Read more\",\"margin\":\"default\",\"meta_align\":\"below-title\",\"meta_element\":\"div\",\"meta_style\":\"text-meta\",\"panel_padding\":\"small\",\"panel_style\":\"tile-muted\",\"show_content\":true,\"show_image\":false,\"show_link\":true,\"show_meta\":true,\"show_title\":true,\"title_align\":\"top\",\"title_element\":\"h3\",\"title_grid_breakpoint\":\"m\",\"title_grid_width\":\"1-2\",\"title_hover_style\":\"reset\"},\"children\":[{\"type\":\"grid_item\",\"props\":{\"content\":\"\n\n<p>MGK PARTNER Moore Rhein-Ruhr GmbH Wirtschaftspr\\u00fcfungsgesellschaft<\\\/p>\\n\n\n<p>Kuhlenwall 20<br \\\/>47051 Duisburg<br \\\/><br \\\/>T +49 203 29506-0<br \\\/>F +49 203 29506-611<br \\\/><br \\\/><a href=\\\"mailto:info@moore-rhein-ruhr.de\\\">info@moore-rhein-ruhr.de<br \\\/><\\\/a><a href=\\\"mailto:info@mgk-partner.de\\\">info@mgk-partner.de<\\\/a><\\\/p>\\n\n\n<p><a href=\\\"http:\\\/\\\/t.ly\\\/NyqrF\\\" target=\\\"_blank\\\" rel=\\\"noopener\\\">Routenplaner \\\/ Anfahrt<\\\/a><\\\/p>\",\"image\":\"wp-content\\\/uploads\\\/2024\\\/10\\\/duisburg.jpg\",\"title\":\"B\\u00fcro Duisburg\"}},{\"type\":\"grid_item\",\"props\":{\"content\":\"\n\n<p>MGK PARTNER BRANDENBURGISCHE REVISIONSGESELLSCHAFT<\\\/p>\\n\n\n<p>Karl-Marx-Str. 40<br \\\/>14482 Potsdam<\\\/p>\\n\n\n<div>\\n\n\n<p>T +49 331 74395-0<br \\\/>F +49 331 74395-19<br \\\/><br \\\/><a href=\\\"mailto:potsdam@mgk-partner.de\\\">potsdam@mgk-partner.de<\\\/a><\\\/p>\\n\n\n<p><a href=\\\"http:\\\/\\\/t.ly\\\/hWEb8\\\" target=\\\"_blank\\\" rel=\\\"noopener\\\">Routenplaner \\\/ Anfahrt<\\\/a><\\\/p>\\n<\\\/div>\",\"image\":\"wp-content\\\/uploads\\\/2024\\\/10\\\/potsdam.jpg\",\"title\":\"B\\u00fcro Potsdam\"}},{\"type\":\"grid_item\",\"props\":{\"content\":\"\n\n<p>MGK PARTNER Moore Rhein-Ruhr GmbH Wirtschaftspr\\u00fcfungsgesellschaft<\\\/p>\\n\n\n<p>Klever Str. 31<br \\\/>40477 D\\u00fcsseldorf<\\\/p>\\n\n\n<p>T +49 211 495572-95<br \\\/>F +49 211 495572-96<\\\/p>\\n\n\n<p><a href=\\\"mailto:info@moore-rhein-ruhr.de\\\">info@moore-rhein-ruhr.de<\\\/a><br \\\/><a href=\\\"mailto:info@mgk-partner.de\\\">info@mgk-partner.de<\\\/a><\\\/p>\\n\n\n<p><a href=\\\"http:\\\/\\\/t.ly\\\/M_5cQ\\\" target=\\\"_blank\\\" rel=\\\"noopener\\\">Routenplaner \\\/ Anfahrt<\\\/a><\\\/p>\",\"image\":\"wp-content\\\/uploads\\\/2024\\\/10\\\/duesseldorf.jpg\",\"title\":\"B\\u00fcro D\\u00fcsseldorf\"}}],\"name\":\"Standorte Grid\"}]}]}]}],\"version\":\"4.4.12\",\"yooessentialsVersion\":\"2.2.24\"} --><\/p>\n","protected":false},"excerpt":{"rendered":"<p>Standorte und Mandanten in Deutschland B\u00fcro Duisburg MGK PARTNER Moore Rhein-Ruhr GmbH Wirtschaftspr\u00fcfungsgesellschaft Kuhlenwall 2047051 Duisburg T +49 203 29506-0F +49 203 29506-611 info@moore-rhein-ruhr.deinfo@mgk-partner.de Routenplaner \/ Anfahrt B\u00fcro Potsdam MGK PARTNER BRANDENBURGISCHE REVISIONSGESELLSCHAFT Karl-Marx-Str. 4014482 Potsdam T +49 331 74395-0F +49 331 74395-19 potsdam@mgk-partner.de Routenplaner \/ Anfahrt B\u00fcro D\u00fcsseldorf MGK PARTNER Moore Rhein-Ruhr GmbH Wirtschaftspr\u00fcfungsgesellschaft [&hellip;]<\/p>\n","protected":false},"author":1,"featured_media":0,"parent":0,"menu_order":0,"comment_status":"closed","ping_status":"closed","template":"","meta":{"_acf_changed":false,"footnotes":""},"class_list":["post-1431","page","type-page","status-publish","hentry"],"acf":[],"_links":{"self":[{"href":"https:\/\/www.moore-rhein-ruhr.de\/en\/wp-json\/wp\/v2\/pages\/1431","targetHints":{"allow":["GET"]}}],"collection":[{"href":"https:\/\/www.moore-rhein-ruhr.de\/en\/wp-json\/wp\/v2\/pages"}],"about":[{"href":"https:\/\/www.moore-rhein-ruhr.de\/en\/wp-json\/wp\/v2\/types\/page"}],"author":[{"embeddable":true,"href":"https:\/\/www.moore-rhein-ruhr.de\/en\/wp-json\/wp\/v2\/users\/1"}],"replies":[{"embeddable":true,"href":"https:\/\/www.moore-rhein-ruhr.de\/en\/wp-json\/wp\/v2\/comments?post=1431"}],"version-history":[{"count":1,"href":"https:\/\/www.moore-rhein-ruhr.de\/en\/wp-json\/wp\/v2\/pages\/1431\/revisions"}],"predecessor-version":[{"id":1485,"href":"https:\/\/www.moore-rhein-ruhr.de\/en\/wp-json\/wp\/v2\/pages\/1431\/revisions\/1485"}],"wp:attachment":[{"href":"https:\/\/www.moore-rhein-ruhr.de\/en\/wp-json\/wp\/v2\/media?parent=1431"}],"curies":[{"name":"wp","href":"https:\/\/api.w.org\/{rel}","templated":true}]}}