{"id":1426,"date":"2022-02-03T11:09:26","date_gmt":"2022-02-03T10:09:26","guid":{"rendered":"https:\/\/www.moore-rhein-ruhr.de\/impressum\/"},"modified":"2026-01-26T12:31:54","modified_gmt":"2026-01-26T11:31:54","slug":"imprint","status":"publish","type":"page","link":"https:\/\/www.moore-rhein-ruhr.de\/en\/imprint\/","title":{"rendered":"Imprint"},"content":{"rendered":"<h1>Imprint<\/h1>\n<ul>\n<li>\n<h3>Moore Rhein-Ruhr GmbH Wirtschaftspr\u00fcfungsgesellschaft<\/h3>\n<div>\n<p><strong>Moore Rhein-Ruhr GmbH Wirtschaftspr\u00fcfungsgesellschaft<\/strong><\/p>\n<p><strong>Registered Office: Duisburg<\/strong><br \/>Kuhlenwall 20, 47051 Duisburg<br \/>Phone: +49 203 29506-70<br \/>Fax: +49 203 29506-611<br \/>Email: <a href=\"mailto:info@moore-rhein-ruhr.de\">info@moore-rhein-ruhr.de<\/a><\/p>\n<p><strong>VAT Identification Number:<\/strong> DE 811548057<\/p>\n<p><strong>Legal Form:<\/strong> Gesellschaft mit beschr\u00e4nkter Haftung (Limited Liability Company)<\/p>\n<p><strong>Register Court:<\/strong> Amtsgericht Duisburg B 4401<\/p>\n<p><strong>Quality Control:<\/strong><br \/>Participation in the quality control system,<br \/>Certificate of participation received according to \u00a7 57a WPO<\/p>\n<p><strong>Managing Directors:<\/strong><\/p>\n<ul>\n<li>Wirtschaftspr\u00fcfer Steuerberater Dipl.-Kfm. Dr. rer. pol. Alexander Wolff<\/li>\n<li>Wirtschaftspr\u00fcfer Steuerberater Dipl.-\u00d6k. Martina Eckhardt<\/li>\n<li>Wirtschaftspr\u00fcferin Steuerberaterin Fachberaterin f\u00fcr Internationales Steuerrecht Dipl.-Kffr. Carol Hasselmans<\/li>\n<li>Rechtsanwalt Fachanwalt f\u00fcr Handels- und Gesellschaftsrecht Ralf Haberle<\/li>\n<li>Rechtsanwalt Fachanwalt f\u00fcr Handels- und Gesellschaftsrecht, Fachanwalt f\u00fcr Steuerrecht Christoph Real<\/li>\n<li>Wirtschaftspr\u00fcfer Steuerberater Dipl.-Bw. (FH) Frank Honig<\/li>\n<li>Wirtschaftspr\u00fcferin Steuerberaterin Fachberaterin f\u00fcr Internationales Steuerrecht Dipl.-Volksw. Katharina Berger<\/li>\n<li>Wirtschaftspr\u00fcferin Steuerberaterin Dipl.-Volksw. Nicole Lanfermann<\/li>\n<li>Steuerberaterin Dipl. Kff. Dr. rer. pol. Ann-Katrin Bechtold<\/li>\n<li>Rechtsanwalt, Fachanwalt f\u00fcr Steuerrecht, Fachanwalt f\u00fcr Erbrecht Steffen Lunau\u00a0<\/li>\n<li>Rechtsanw\u00e4ltin, Fachanw\u00e4ltin f\u00fcr Arbeitsrecht Anja Sp\u00e4tlich<\/li>\n<\/ul>\n<p><strong>Branch Office: Potsdam<\/strong><\/p>\n<p>Brandenburgische Revisionsgesellschaft<br \/>Karl-Marx-Str. 40, 14482 Potsdam<br \/>Phone: +49 331 74 395-0<br \/>Fax: +49 331 74 395-19<br \/>Email: <a href=\"mailto:potsdam@mgk-partner.de\">potsdam@mgk-partner.de<\/a><\/p>\n<p><strong>Branch Office: D\u00fcsseldorf<\/strong><\/p>\n<p>Moore Rhein-Ruhr GmbH Wirtschaftspr\u00fcfungsgesellschaft<br \/>Klever Str. 31, 40477 D\u00fcsseldorf<br \/>Phone: +49 211 495572-95<br \/>Fax: +49 211 495572-96<br \/>Email: <a href=\"mailto:info@moore-rhein-ruhr.de\">info@moore-rhein-ruhr.de<\/a><\/p>\n<p><strong>Supervisory Authority:<\/strong><\/p>\n<p>Wirtschaftspr\u00fcferkammer Berlin<br \/>Rauchstr. 26, 10787 Berlin<\/p>\n<p>The statutory professional titles &#8220;Wirtschaftspr\u00fcfer&#8221; and &#8220;Wirtschaftspr\u00fcfungsgesellschaft&#8221; were awarded in the Federal Republic of Germany.<\/p>\n<p><strong>Professional Regulations:<\/strong><\/p>\n<ul>\n<li>Wirtschaftspr\u00fcferordnung (WPO)<\/li>\n<li>Berufssatzung f\u00fcr Wirtschaftspr\u00fcfer und vereidigte Buchpr\u00fcfer (\u00a7\u00a7 128-130 WPO)<\/li>\n<li>Satzung f\u00fcr Qualit\u00e4tskontrolle (\u00a7 57c WPO)<\/li>\n<li>Siegelverordnung (\u00a7 48 WPO)<\/li>\n<li>Wirtschaftspr\u00fcfer-Berufshaftpflichtversicherungsordnung (\u00a754 WPO)<\/li>\n<\/ul>\n<p>These regulations can be reviewed at the Wirtschaftspr\u00fcferkammer.<\/p>\n<p><strong>Professional Liability Insurance<\/strong><\/p>\n<p>Our professional liability insurance is held with:<br \/>Markel Insurance SE, Sophienstr. 26, 80333 M\u00fcnchen.<\/p>\n<p>The territorial scope of coverage includes (with some exceptions) activities in EU member states and complies with the statutory minimum insurance requirements under \u00a7 54 WPO in conjunction with WPBHV.<\/p>\n<p><strong>Responsible Party as per \u00a7 18 II MStV:<\/strong><br \/>Dr. Alexander Wolff<\/p>\n<p><strong>Concept and Text:<\/strong><br \/>Dr. Alexander Wolff<\/p>\n<p><strong>Implementation:<\/strong><br \/>Villaester Moderne Medien GmbH<br \/><a href=\"https:\/\/www.villaester.de\">www.villaester.de<\/a><\/p>\n<\/div>\n<\/li>\n<li>\n<h3>MGK Partner PartG mbB<\/h3>\n<div>\n<p><strong>Imprint (Impressum)<\/strong><\/p>\n<p><strong>MGK Partner PartG mbB<\/strong><br \/>Wirtschaftspr\u00fcfer Rechtsanw\u00e4lte Steuerberater<\/p>\n<p><strong>Registered Office: Duisburg<\/strong><br \/>Kuhlenwall 20, 47051 Duisburg<br \/>Phone: +49 203 29506-0<br \/>Fax: +49 203 29506-611<br \/>Email: <a href=\"mailto:steuern@mgk-partner.de\">steuern@mgk-partner.de<\/a><br \/>Email: <a href=\"mailto:recht@mgk-partner.de\">recht@mgk-partner.de<\/a><\/p>\n<p><strong>Branch Office: Potsdam<\/strong><br \/>Karl-Marx-Str. 40, 14482 Potsdam<br \/>Phone: +49 331 74 395-0<br \/>Fax: +49 331 74 395-19<br \/>Email: <a href=\"mailto:potsdam@mgk-partner.de\">potsdam@mgk-partner.de<\/a><\/p>\n<p><strong>Branch Office: D\u00fcsseldorf<\/strong><br \/>Klever Str. 31, 40477 D\u00fcsseldorf<br \/>Phone: +49 211 495572-95<br \/>Fax: +49 211 495572-96<br \/>Email: <a href=\"mailto:steuern@mgk-partner.de\">steuern@mgk-partner.de<\/a><br \/>Email: <a href=\"mailto:recht@mgk-partner.de\">recht@mgk-partner.de<\/a><\/p>\n<p><strong>Partner i.S.d. \u00a7 3 PartGG:<\/strong><\/p>\n<ul>\n<li>Wirtschaftspr\u00fcfer Steuerberater Dipl.-Kfm. Dr. rer. pol. Alexander Wolff (2) (5)<\/li>\n<li>Rechtsanwalt Fachanwalt f\u00fcr Handels- und Gesellschaftsrecht Ralf Haberle (2) (7)<\/li>\n<li>Wirtschaftspr\u00fcferin Steuerberaterin Fachberaterin f\u00fcr Internationales Steuerrecht Dipl.-Kffr. Carol Hasselmans (1) (4)<\/li>\n<li>Rechtsanwalt Fachanwalt f\u00fcr Handels- und Gesellschaftsrecht Fachanwalt f\u00fcr Steuerrecht Christoph Real (1) (6)<\/li>\n<li>Wirtschaftspr\u00fcfer Steuerberater Dipl.-Bw. (FH) Frank Honig (3) (4)<\/li>\n<li>Wirtschaftspr\u00fcferin Steuerberaterin Fachberaterin f\u00fcr Internationales Steuerrecht Dipl.-Volksw. Katharina Berger (1) (4)<\/li>\n<li>Steuerberaterin Dipl. Kff. Dr. rer. pol. Ann-Katrin Bechtold 1) 4)<\/li>\n<li>Rechtsanwalt, Fachanwalt f\u00fcr Steuerrecht, Fachanwalt f\u00fcr Erbrecht Steffen Lunau 1) 6)<\/li>\n<li>Rechtsanw\u00e4ltin, Fachanw\u00e4ltin f\u00fcr Arbeitsrecht Anja Sp\u00e4tlich 2) 7)<\/li>\n<\/ul>\n<p>(1) Professional office: Duisburg<br \/>(2) Professional office: Potsdam<br \/>(3) Professional office: D\u00fcsseldorf<br \/>(4) Steuerberaterkammer D\u00fcsseldorf<br \/>(5) Steuerberaterkammer Brandenburg<br \/>(6) Rechtsanwaltskammer D\u00fcsseldorf<br \/>(7) Rechtsanwaltskammer Brandenburg<\/p>\n<p><strong>VAT Identification Number:<\/strong> DE 119589495<\/p>\n<p><strong>Legal Form:<\/strong> Partnership with limited professional liability (Partnerschaftsgesellschaft mit beschr\u00e4nkter Berufshaftung)<\/p>\n<p><strong>Register Court:<\/strong> Partnership Register (Partnerschaftsregister) AG Essen PR 1197<\/p>\n<p><strong>Supervisory Authorities:<\/strong><\/p>\n<ul>\n<li>Wirtschaftspr\u00fcferkammer Berlin, Rauchstr. 26, 10787 Berlin<\/li>\n<li>Steuerberaterkammer D\u00fcsseldorf, Grafenberger Allee 98, 40237 D\u00fcsseldorf<\/li>\n<li>Steuerberaterkammer Brandenburg, Tuchmacherstr. 48 B, 14482 Potsdam<\/li>\n<li>Rechtsanwaltskammer D\u00fcsseldorf, Scheibenstr. 17, 40479 D\u00fcsseldorf<\/li>\n<li>Rechtsanwaltskammer des Landes Brandenburg, Grillendamm 2, 14776 Brandenburg an der Havel<\/li>\n<\/ul>\n<p><strong>Online Dispute Resolution (OS Platform) \/ Arbitration Board for Lawyers<\/strong><\/p>\n<p>The European Commission provides a platform for out-of-court online dispute resolution (OS Platform) at:<br \/><a href=\"https:\/\/ec.europa.eu\/consumers\/odr\">https:\/\/ec.europa.eu\/consumers\/odr<\/a><\/p>\n<p>For financial disputes arising from client relationships, the Arbitration Board for Lawyers is available at:<br \/>Rauchstra\u00dfe 26, 10787 Berlin<br \/><a href=\"https:\/\/www.s-d-r.org\">https:\/\/www.s-d-r.org<\/a><\/p>\n<p><strong>Right of Withdrawal<\/strong><\/p>\n<p>If you are a consumer and our service is exceptionally provided within the framework of a distance contract, you have the right to withdraw from this contract within fourteen days without giving any reason.<\/p>\n<p>To exercise your right of withdrawal, you must inform us, MGK Partner PartG mbB Wirtschaftspr\u00fcfer Rechtsanw\u00e4lte Steuerberater, Kuhlenwall 20, 47051 Duisburg, Phone: +49 203 29506-0, Fax: +49 203 29506-611, <a href=\"mailto:recht@mgk-partner.de\">recht@mgk-partner.de<\/a>, by means of a clear statement (e.g., a letter sent by post, fax, or email) about your decision to withdraw from this contract.<\/p>\n<p>To meet the withdrawal deadline, it is sufficient for you to send your communication regarding the exercise of the right of withdrawal before the withdrawal period expires.<\/p>\n<p>The right of withdrawal expires in the case of a contract for the provision of services if we have fully performed the service and have only begun performance after you have given your express consent and at the same time confirmed your knowledge that you lose your right of withdrawal upon full performance of the contract by us.<\/p>\n<p>If you withdraw from this contract, we will reimburse all payments received from you promptly and at the latest within fourteen days from the day we receive your withdrawal notification.<\/p>\n<\/div>\n<\/li>\n<\/ul>\n<p><!--more--><br \/>\n<!-- {\"type\":\"layout\",\"children\":[{\"type\":\"section\",\"props\":{\"divider_height\":\"120\",\"divider_layers_gap\":\"5\",\"divider_layers_opacity\":\"0.5\",\"divider_position\":\"top\",\"divider_responsive\":true,\"divider_shadow_blur_radius\":\"5\",\"divider_shadow_color\":\"#00000080\",\"divider_shadow_offset_x\":\"0\",\"divider_shadow_offset_y\":\"5\",\"divider_width\":\"100\",\"image_position\":\"center-center\",\"padding_custom_bottom\":\"70\",\"padding_custom_top\":\"70\",\"style\":\"default\",\"style_custom_color\":\"#ccc\",\"title_breakpoint\":\"xl\",\"title_position\":\"top-left\",\"title_rotation\":\"left\",\"vertical_align\":\"middle\",\"width\":\"default\"},\"children\":[{\"type\":\"row\",\"children\":[{\"type\":\"column\",\"props\":{\"image_position\":\"center-center\",\"position_sticky_breakpoint\":\"m\"},\"children\":[{\"type\":\"headline\",\"props\":{\"content\":\"Imprint\",\"title_element\":\"h1\"}},{\"type\":\"switcher\",\"props\":{\"content_column_breakpoint\":\"m\",\"css\":\".el-content {\\n\\tbackground-color: #FAFAFA;\\n    padding: 20px;\\n}\",\"image_align\":\"top\",\"image_grid_breakpoint\":\"m\",\"image_grid_width\":\"1-2\",\"image_svg_color\":\"emphasis\",\"link_style\":\"default\",\"link_text\":\"Read more\",\"margin\":\"default\",\"meta_align\":\"below-title\",\"meta_element\":\"div\",\"meta_style\":\"text-meta\",\"nav\":\"subnav-pill\",\"nav_align\":\"left\",\"nav_grid_breakpoint\":\"m\",\"nav_grid_width\":\"auto\",\"nav_position\":\"top\",\"nav_style_primary\":false,\"show_content\":true,\"show_image\":true,\"show_label\":true,\"show_link\":true,\"show_meta\":true,\"show_thumbnail\":true,\"show_title\":false,\"switcher_animation\":\"fade\",\"switcher_height\":true,\"thumbnav_height\":\"75\",\"thumbnav_svg_color\":\"emphasis\",\"thumbnav_width\":\"100\",\"title_align\":\"top\",\"title_element\":\"h3\",\"title_grid_breakpoint\":\"m\",\"title_grid_width\":\"1-2\"},\"children\":[{\"type\":\"switcher_item\",\"props\":{\"content\":\"\n\n<p><strong>Moore Rhein-Ruhr GmbH Wirtschaftspr\\u00fcfungsgesellschaft<\\\/strong><\\\/p>\\n\n\n<p><strong>Registered Office: Duisburg<\\\/strong><br \\\/>Kuhlenwall 20, 47051 Duisburg<br \\\/>Phone: +49 203 29506-70<br \\\/>Fax: +49 203 29506-611<br \\\/>Email: <a href=\\\"mailto:info@moore-rhein-ruhr.de\\\">info@moore-rhein-ruhr.de<\\\/a><\\\/p>\\n\n\n<p><strong>VAT Identification Number:<\\\/strong> DE 811548057<\\\/p>\\n\n\n<p><strong>Legal Form:<\\\/strong> Gesellschaft mit beschr\\u00e4nkter Haftung (Limited Liability Company)<\\\/p>\\n\n\n<p><strong>Register Court:<\\\/strong> Amtsgericht Duisburg B 4401<\\\/p>\\n\n\n<p><strong>Quality Control:<\\\/strong><br \\\/>Participation in the quality control system,<br \\\/>Certificate of participation received according to \\u00a7 57a WPO<\\\/p>\\n\n\n<p><strong>Managing Directors:<\\\/strong><\\\/p>\\n\n\n<ul>\\n\n\n<li>Wirtschaftspr\\u00fcfer Steuerberater Dipl.-Kfm. Dr. rer. pol. Alexander Wolff<\\\/li>\\n\n\n<li>Wirtschaftspr\\u00fcfer Steuerberater Dipl.-\\u00d6k. Martina Eckhardt<\\\/li>\\n\n\n<li>Wirtschaftspr\\u00fcferin Steuerberaterin Fachberaterin f\\u00fcr Internationales Steuerrecht Dipl.-Kffr. Carol Hasselmans<\\\/li>\\n\n\n<li>Rechtsanwalt Fachanwalt f\\u00fcr Handels- und Gesellschaftsrecht Ralf Haberle<\\\/li>\\n\n\n<li>Rechtsanwalt Fachanwalt f\\u00fcr Handels- und Gesellschaftsrecht, Fachanwalt f\\u00fcr Steuerrecht Christoph Real<\\\/li>\\n\n\n<li>Wirtschaftspr\\u00fcfer Steuerberater Dipl.-Bw. (FH) Frank Honig<\\\/li>\\n\n\n<li>Wirtschaftspr\\u00fcferin Steuerberaterin Fachberaterin f\\u00fcr Internationales Steuerrecht Dipl.-Volksw. Katharina Berger<\\\/li>\\n\n\n<li>Wirtschaftspr\\u00fcferin Steuerberaterin Dipl.-Volksw. Nicole Lanfermann<\\\/li>\\n\n\n<li>Steuerberaterin Dipl. Kff. Dr. rer. pol. Ann-Katrin Bechtold<\\\/li>\\n\n\n<li>Rechtsanwalt, Fachanwalt f\\u00fcr Steuerrecht, Fachanwalt f\\u00fcr Erbrecht Steffen Lunau\\u00a0<\\\/li>\\n\n\n<li>Rechtsanw\\u00e4ltin, Fachanw\\u00e4ltin f\\u00fcr Arbeitsrecht Anja Sp\\u00e4tlich<\\\/li>\\n<\\\/ul>\\n\n\n<p><strong>Branch Office: Potsdam<\\\/strong><\\\/p>\\n\n\n<p>Brandenburgische Revisionsgesellschaft<br \\\/>Karl-Marx-Str. 40, 14482 Potsdam<br \\\/>Phone: +49 331 74 395-0<br \\\/>Fax: +49 331 74 395-19<br \\\/>Email: <a href=\\\"mailto:potsdam@mgk-partner.de\\\">potsdam@mgk-partner.de<\\\/a><\\\/p>\\n\n\n<p><strong>Branch Office: D\\u00fcsseldorf<\\\/strong><\\\/p>\\n\n\n<p>Moore Rhein-Ruhr GmbH Wirtschaftspr\\u00fcfungsgesellschaft<br \\\/>Klever Str. 31, 40477 D\\u00fcsseldorf<br \\\/>Phone: +49 211 495572-95<br \\\/>Fax: +49 211 495572-96<br \\\/>Email: <a href=\\\"mailto:info@moore-rhein-ruhr.de\\\">info@moore-rhein-ruhr.de<\\\/a><\\\/p>\\n\n\n<p><strong>Supervisory Authority:<\\\/strong><\\\/p>\\n\n\n<p>Wirtschaftspr\\u00fcferkammer Berlin<br \\\/>Rauchstr. 26, 10787 Berlin<\\\/p>\\n\n\n<p>The statutory professional titles \\\"Wirtschaftspr\\u00fcfer\\\" and \\\"Wirtschaftspr\\u00fcfungsgesellschaft\\\" were awarded in the Federal Republic of Germany.<\\\/p>\\n\n\n<p><strong>Professional Regulations:<\\\/strong><\\\/p>\\n\n\n<ul>\\n\n\n<li>Wirtschaftspr\\u00fcferordnung (WPO)<\\\/li>\\n\n\n<li>Berufssatzung f\\u00fcr Wirtschaftspr\\u00fcfer und vereidigte Buchpr\\u00fcfer (\\u00a7\\u00a7 128-130 WPO)<\\\/li>\\n\n\n<li>Satzung f\\u00fcr Qualit\\u00e4tskontrolle (\\u00a7 57c WPO)<\\\/li>\\n\n\n<li>Siegelverordnung (\\u00a7 48 WPO)<\\\/li>\\n\n\n<li>Wirtschaftspr\\u00fcfer-Berufshaftpflichtversicherungsordnung (\\u00a754 WPO)<\\\/li>\\n<\\\/ul>\\n\n\n<p>These regulations can be reviewed at the Wirtschaftspr\\u00fcferkammer.<\\\/p>\\n\n\n<p><strong>Professional Liability Insurance<\\\/strong><\\\/p>\\n\n\n<p>Our professional liability insurance is held with:<br \\\/>Markel Insurance SE, Sophienstr. 26, 80333 M\\u00fcnchen.<\\\/p>\\n\n\n<p>The territorial scope of coverage includes (with some exceptions) activities in EU member states and complies with the statutory minimum insurance requirements under \\u00a7 54 WPO in conjunction with WPBHV.<\\\/p>\\n\n\n<p><strong>Responsible Party as per \\u00a7 18 II MStV:<\\\/strong><br \\\/>Dr. Alexander Wolff<\\\/p>\\n\n\n<p><strong>Concept and Text:<\\\/strong><br \\\/>Dr. Alexander Wolff<\\\/p>\\n\n\n<p><strong>Implementation:<\\\/strong><br \\\/>Villaester Moderne Medien GmbH<br \\\/><a href=\\\"https:\\\/\\\/www.villaester.de\\\">www.villaester.de<\\\/a><\\\/p>\",\"title\":\"Moore Rhein-Ruhr GmbH Wirtschaftspr\\u00fcfungsgesellschaft\"}},{\"type\":\"switcher_item\",\"props\":{\"content\":\"\n\n<p><strong>Imprint (Impressum)<\\\/strong><\\\/p>\\n\n\n<p><strong>MGK Partner PartG mbB<\\\/strong><br \\\/>Wirtschaftspr\\u00fcfer Rechtsanw\\u00e4lte Steuerberater<\\\/p>\\n\n\n<p><strong>Registered Office: Duisburg<\\\/strong><br \\\/>Kuhlenwall 20, 47051 Duisburg<br \\\/>Phone: +49 203 29506-0<br \\\/>Fax: +49 203 29506-611<br \\\/>Email: <a href=\\\"mailto:steuern@mgk-partner.de\\\">steuern@mgk-partner.de<\\\/a><br \\\/>Email: <a href=\\\"mailto:recht@mgk-partner.de\\\">recht@mgk-partner.de<\\\/a><\\\/p>\\n\n\n<p><strong>Branch Office: Potsdam<\\\/strong><br \\\/>Karl-Marx-Str. 40, 14482 Potsdam<br \\\/>Phone: +49 331 74 395-0<br \\\/>Fax: +49 331 74 395-19<br \\\/>Email: <a href=\\\"mailto:potsdam@mgk-partner.de\\\">potsdam@mgk-partner.de<\\\/a><\\\/p>\\n\n\n<p><strong>Branch Office: D\\u00fcsseldorf<\\\/strong><br \\\/>Klever Str. 31, 40477 D\\u00fcsseldorf<br \\\/>Phone: +49 211 495572-95<br \\\/>Fax: +49 211 495572-96<br \\\/>Email: <a href=\\\"mailto:steuern@mgk-partner.de\\\">steuern@mgk-partner.de<\\\/a><br \\\/>Email: <a href=\\\"mailto:recht@mgk-partner.de\\\">recht@mgk-partner.de<\\\/a><\\\/p>\\n\n\n<p><strong>Partner i.S.d. \\u00a7 3 PartGG:<\\\/strong><\\\/p>\\n\n\n<ul>\\n\n\n<li>Wirtschaftspr\\u00fcfer Steuerberater Dipl.-Kfm. Dr. rer. pol. Alexander Wolff (2) (5)<\\\/li>\\n\n\n<li>Rechtsanwalt Fachanwalt f\\u00fcr Handels- und Gesellschaftsrecht Ralf Haberle (2) (7)<\\\/li>\\n\n\n<li>Wirtschaftspr\\u00fcferin Steuerberaterin Fachberaterin f\\u00fcr Internationales Steuerrecht Dipl.-Kffr. Carol Hasselmans (1) (4)<\\\/li>\\n\n\n<li>Rechtsanwalt Fachanwalt f\\u00fcr Handels- und Gesellschaftsrecht Fachanwalt f\\u00fcr Steuerrecht Christoph Real (1) (6)<\\\/li>\\n\n\n<li>Wirtschaftspr\\u00fcfer Steuerberater Dipl.-Bw. (FH) Frank Honig (3) (4)<\\\/li>\\n\n\n<li>Wirtschaftspr\\u00fcferin Steuerberaterin Fachberaterin f\\u00fcr Internationales Steuerrecht Dipl.-Volksw. Katharina Berger (1) (4)<\\\/li>\\n\n\n<li>Steuerberaterin Dipl. Kff. Dr. rer. pol. Ann-Katrin Bechtold 1) 4)<\\\/li>\\n\n\n<li>Rechtsanwalt, Fachanwalt f\\u00fcr Steuerrecht, Fachanwalt f\\u00fcr Erbrecht Steffen Lunau 1) 6)<\\\/li>\\n\n\n<li>Rechtsanw\\u00e4ltin, Fachanw\\u00e4ltin f\\u00fcr Arbeitsrecht Anja Sp\\u00e4tlich 2) 7)<\\\/li>\\n<\\\/ul>\\n\n\n<p>(1) Professional office: Duisburg<br \\\/>(2) Professional office: Potsdam<br \\\/>(3) Professional office: D\\u00fcsseldorf<br \\\/>(4) Steuerberaterkammer D\\u00fcsseldorf<br \\\/>(5) Steuerberaterkammer Brandenburg<br \\\/>(6) Rechtsanwaltskammer D\\u00fcsseldorf<br \\\/>(7) Rechtsanwaltskammer Brandenburg<\\\/p>\\n\n\n<p><strong>VAT Identification Number:<\\\/strong> DE 119589495<\\\/p>\\n\n\n<p><strong>Legal Form:<\\\/strong> Partnership with limited professional liability (Partnerschaftsgesellschaft mit beschr\\u00e4nkter Berufshaftung)<\\\/p>\\n\n\n<p><strong>Register Court:<\\\/strong> Partnership Register (Partnerschaftsregister) AG Essen PR 1197<\\\/p>\\n\n\n<p><strong>Supervisory Authorities:<\\\/strong><\\\/p>\\n\n\n<ul>\\n\n\n<li>Wirtschaftspr\\u00fcferkammer Berlin, Rauchstr. 26, 10787 Berlin<\\\/li>\\n\n\n<li>Steuerberaterkammer D\\u00fcsseldorf, Grafenberger Allee 98, 40237 D\\u00fcsseldorf<\\\/li>\\n\n\n<li>Steuerberaterkammer Brandenburg, Tuchmacherstr. 48 B, 14482 Potsdam<\\\/li>\\n\n\n<li>Rechtsanwaltskammer D\\u00fcsseldorf, Scheibenstr. 17, 40479 D\\u00fcsseldorf<\\\/li>\\n\n\n<li>Rechtsanwaltskammer des Landes Brandenburg, Grillendamm 2, 14776 Brandenburg an der Havel<\\\/li>\\n<\\\/ul>\\n\n\n<p><strong>Online Dispute Resolution (OS Platform) \\\/ Arbitration Board for Lawyers<\\\/strong><\\\/p>\\n\n\n<p>The European Commission provides a platform for out-of-court online dispute resolution (OS Platform) at:<br \\\/><a href=\\\"https:\\\/\\\/ec.europa.eu\\\/consumers\\\/odr\\\">https:\\\/\\\/ec.europa.eu\\\/consumers\\\/odr<\\\/a><\\\/p>\\n\n\n<p>For financial disputes arising from client relationships, the Arbitration Board for Lawyers is available at:<br \\\/>Rauchstra\\u00dfe 26, 10787 Berlin<br \\\/><a href=\\\"https:\\\/\\\/www.s-d-r.org\\\">https:\\\/\\\/www.s-d-r.org<\\\/a><\\\/p>\\n\n\n<p><strong>Right of Withdrawal<\\\/strong><\\\/p>\\n\n\n<p>If you are a consumer and our service is exceptionally provided within the framework of a distance contract, you have the right to withdraw from this contract within fourteen days without giving any reason.<\\\/p>\\n\n\n<p>To exercise your right of withdrawal, you must inform us, MGK Partner PartG mbB Wirtschaftspr\\u00fcfer Rechtsanw\\u00e4lte Steuerberater, Kuhlenwall 20, 47051 Duisburg, Phone: +49 203 29506-0, Fax: +49 203 29506-611, <a href=\\\"mailto:recht@mgk-partner.de\\\">recht@mgk-partner.de<\\\/a>, by means of a clear statement (e.g., a letter sent by post, fax, or email) about your decision to withdraw from this contract.<\\\/p>\\n\n\n<p>To meet the withdrawal deadline, it is sufficient for you to send your communication regarding the exercise of the right of withdrawal before the withdrawal period expires.<\\\/p>\\n\n\n<p>The right of withdrawal expires in the case of a contract for the provision of services if we have fully performed the service and have only begun performance after you have given your express consent and at the same time confirmed your knowledge that you lose your right of withdrawal upon full performance of the contract by us.<\\\/p>\\n\n\n<p>If you withdraw from this contract, we will reimburse all payments received from you promptly and at the latest within fourteen days from the day we receive your withdrawal notification.<\\\/p>\",\"title\":\"MGK Partner PartG mbB\"}}]}]}]}]}],\"version\":\"4.5.33\",\"yooessentialsVersion\":\"2.4.12\"} --><\/p>\n","protected":false},"excerpt":{"rendered":"<p>Imprint Moore Rhein-Ruhr GmbH Wirtschaftspr\u00fcfungsgesellschaft Moore Rhein-Ruhr GmbH Wirtschaftspr\u00fcfungsgesellschaft Registered Office: DuisburgKuhlenwall 20, 47051 DuisburgPhone: +49 203 29506-70Fax: +49 203 29506-611Email: info@moore-rhein-ruhr.de VAT Identification Number: DE 811548057 Legal Form: Gesellschaft mit beschr\u00e4nkter Haftung (Limited Liability Company) Register Court: Amtsgericht Duisburg B 4401 Quality Control:Participation in the quality control system,Certificate of participation received according to \u00a7 [&hellip;]<\/p>\n","protected":false},"author":1,"featured_media":0,"parent":0,"menu_order":0,"comment_status":"closed","ping_status":"closed","template":"","meta":{"_acf_changed":false,"footnotes":""},"class_list":["post-1426","page","type-page","status-publish","hentry"],"acf":[],"_links":{"self":[{"href":"https:\/\/www.moore-rhein-ruhr.de\/en\/wp-json\/wp\/v2\/pages\/1426","targetHints":{"allow":["GET"]}}],"collection":[{"href":"https:\/\/www.moore-rhein-ruhr.de\/en\/wp-json\/wp\/v2\/pages"}],"about":[{"href":"https:\/\/www.moore-rhein-ruhr.de\/en\/wp-json\/wp\/v2\/types\/page"}],"author":[{"embeddable":true,"href":"https:\/\/www.moore-rhein-ruhr.de\/en\/wp-json\/wp\/v2\/users\/1"}],"replies":[{"embeddable":true,"href":"https:\/\/www.moore-rhein-ruhr.de\/en\/wp-json\/wp\/v2\/comments?post=1426"}],"version-history":[{"count":10,"href":"https:\/\/www.moore-rhein-ruhr.de\/en\/wp-json\/wp\/v2\/pages\/1426\/revisions"}],"predecessor-version":[{"id":2792,"href":"https:\/\/www.moore-rhein-ruhr.de\/en\/wp-json\/wp\/v2\/pages\/1426\/revisions\/2792"}],"wp:attachment":[{"href":"https:\/\/www.moore-rhein-ruhr.de\/en\/wp-json\/wp\/v2\/media?parent=1426"}],"curies":[{"name":"wp","href":"https:\/\/api.w.org\/{rel}","templated":true}]}}