{"id":1404,"date":"2024-11-07T07:51:22","date_gmt":"2024-11-07T06:51:22","guid":{"rendered":"https:\/\/www.moore-rhein-ruhr.de\/veroeffentlichungen\/"},"modified":"2024-12-17T11:51:07","modified_gmt":"2024-12-17T10:51:07","slug":"publications","status":"publish","type":"page","link":"https:\/\/www.moore-rhein-ruhr.de\/en\/news-views\/publications\/","title":{"rendered":"Publications"},"content":{"rendered":"<p>K\u00f6nig, Dr. Jochen<br \/>\nInsolvenzreife des Unternehmenstr\u00e4gers bedingt nicht die Bilanzierung zu Zerschlagungswerten, Anmerkung zu OLG D\u00fcsseldorf, Urteil vom 27.10.2023 \u2013 22 U 111\/23 \u2013 jurisPR-HaGesR 06\/2024<\/p>\n<p>K\u00f6nig, Dr. Jochen<br \/>\nVoraussetzungen f\u00fcr Sonderverg\u00fctungen an Aufsichtsratsmitglieder, Anmerkung OLG M\u00fcnchen, Urteil vom 21.02.2024 \u2013 7 U 2211\/23e \u2013 jurisPR-HaGesR 05\/2024<\/p>\n<p>K\u00f6nig, Dr. Jochen<br \/>\n\u00a7 181 BGB als Stolperfalle bei mittelst\u00e4ndischen GmbH &amp; Co KGs, Anmerkung zu OLG Hamm, Urteil vom 11.01.2024 \u2013 18 U 123\/21 \u2013 jurisPR-HaGesR 04\/2024 Anm. 4<\/p>\n<p>K\u00f6nig, Dr. Jochen<br \/>\n<a href=\"https:\/\/www.moore-rhein-ruhr.de\/wp-content\/uploads\/2023\/12\/Ertragsteuervorteilen-zwischen-Vor-und-Nacherbe_Teil-II.pdf\">Ausgleich von Ertragsteuervorteilen zwischen Vor- und Nacherbe? (Teil 2), ZErb, 12\/2023<\/a><\/p>\n<p>K\u00f6nig, Dr. Jochen<br \/>\n<a href=\"https:\/\/www.moore-rhein-ruhr.de\/wp-content\/uploads\/2023\/12\/Ertragsteuervorteilen-zwischen-Vor-und-Nacherbe_Teil-I.pdf\">Ausgleich von Ertragsteuervorteilen zwischen Vor- und Nacherbe? (Teil 1), ZErb, 11\/2023<\/a><\/p>\n<p>K\u00f6nig, Dr. Jochen<br \/>\nGesch\u00e4ftsleiterhaftung bei Einsatz von KI aus der Perspektive eines Praktikers, Betriebs-Berater 35\/2023, 28.08.2023<\/p>\n<p>K\u00f6nig, Dr.\u00a0 Jochen<br \/>\nEinzelunternehmen in Vor- und Nacherbschaft \u2013 Teil I: Bestimmung des Nachlassumfangs, RFamU Recht der Familienunternehmen, 20.03.2022, Seite 99 ff.<br \/>\nEinzelunternehmen in Vor- und Nacherbschaft \u2013 Teil II: Das Schicksal von Schuldverh\u00e4ltnissen im Nacherbfall, RFamU 2023, 160 ff.<br \/>\nEinzelunternehmen in Vor- und Nacherbschaft \u2013 Teil III: Die Ermittlung des \u201cGewinns\u201d als dem Vorerben zustehende Nutzung, RFamU 2023, 2121 ff.<\/p>\n<p>K\u00f6nig, Jochen<br \/>\nGrenzen des Haftungsprivilegs f\u00fcr Wirtschaftspr\u00fcfer nach \u00a7 323 Abs. 2 HGB, Anmerkung zu LG Stuttgart, Urteil vom 02.03.2022 \u2013 27 O 299\/17 \u2013 jurisPR-HaGesR 08\/2022 Anm. 4<\/p>\n<p>K\u00f6nig, Jochen<br \/>\nWirksamkeit des von einem Mitglied des Aufsichtsrats im Namen einer von ihm als alleinigem Gesellschafter und Gesch\u00e4ftsf\u00fchrer gef\u00fchrten GmbH abgeschlossenen Beratungsvertrags mit einem die AG beratenden Drittunternehmen. Anmerkung zu BGH, Urteil vom 22.06.2021, II ZR 225\/20 \u2013 jurisPR-HaGesR 08\/2021<\/p>\n<p><a href=\"https:\/\/www.moore-rhein-ruhr.de\/wp-content\/uploads\/2021\/01\/jurisPR-HaGesR_12_2020.pdf\">K\u00f6nig, Jochen\/Lunau, Steffen<\/a><br \/>\nBemessung des Ausgleichsanspruchs eines Handelsvertreters, Anmerkung zu BGH, Urteil vom 24.09.2020 \u2013 VII ZR 69\/19 \u2013 jurisPR-HaGesR 12\/2020 Anm. 3<\/p>\n<p>K\u00f6nig, Jochen<br \/>\nAnspr\u00fcche gegen Kommanditisten bei (unerkannt) \u00fcberh\u00f6hter Gewinnaussch\u00fcttung. Anmerkung zu OLG D\u00fcsseldorf Urteil vom 12.12.2019 \u2013 12 U 30\/19 \u2013 jurisPR-HaGesR 8\/2020 Anm. 4<\/p>\n<p>K\u00f6nig, Jochen<br \/>\nDarlegungs- und Beweislast bei \u00a7 93 AktG, Anmerkung OLG K\u00f6ln Urteil vom 01.10.2019 \u2013 18 U 34\/18 \u2013 jurisPR-HaGesR 1\/2020 Anm. 3<\/p>\n<p><a href=\"https:\/\/www.moore-rhein-ruhr.de\/wp-content\/uploads\/2019\/04\/Juris-04_2019.pdf\">K\u00f6nig, Jochen<br \/>\nDritthaftung des Wirtschaftspr\u00fcfers bei freiwilliger (Teil-)Pr\u00fcfung des Jahresabschlusses ausgekoppelter Berichterstattung \u00fcber Teile der Jahresabschlusspr\u00fcfung, Anmerkung zu BGH, Beschluss vom 21.11.2018, VII ZR 3\/18 \u2013 juris PraxisReport HaGesR 04\/2019<\/a><\/p>\n<p><a href=\"https:\/\/www.moore-rhein-ruhr.de\/wp-content\/uploads\/2017\/11\/mgk_partner_gastbeitrag_mandantenbrief_vplettenberg_conradt_cie_q3.pdf\" target=\"_blank\" rel=\"noopener noreferrer\">K\u00f6nig, Jochen\/Schendzielorz, Paul<br \/>\nMit Vollgas geradeaus in die Kurve? Mandantenbrief des Family Offices von Plettenberg, Conradt &amp; Cie. 3\/2017<br \/>\n<\/a><\/p>\n<p><a href=\"https:\/\/www.moore-rhein-ruhr.de\/wp-content\/uploads\/2017\/11\/jurispr-hagesr_02_2017_beendigung_geschaeftsfuehrerdienstverhaeltnisses_abberufung.pdf\" target=\"_blank\" rel=\"noopener noreferrer\">K\u00f6nig, Jochen\/Anja Sp\u00e4tlich<br \/>\nBeendigung des Gesch\u00e4ftsf\u00fchrerdienstverh\u00e4ltnisses durch Abberufung als\u00a0Organ; Anwendung der AGB-Regelung auf GmbH Gesch\u00e4ftsf\u00fchrer, Anmerkung zu OLG Karlsruhe, Urteil vom 25.10.2016, 8 U 122\/15, juris PraxisReports Handels-und Gesellschaftsrecht 2\/2017<\/a><\/p>\n<p>K\u00f6nig, Jochen<strong>\/<\/strong>Lunau, Steffen<br \/>\nZugriff der Finanzverwaltung auf Due Dilligence Reporte und andere unternehmensinterne, entscheidungsvorbereitende Dokumente, Anmerkung zu FG M\u00fcnster, Urteil vom 18.08.2014 \u2013 6 V 1932\/14 AO \u2013 juris PraxisReport HaGesR 02\/2015<\/p>\n<p>K\u00f6nig, Jochen\/Real, Christoph<br \/>\nHaftung des Vorstands und des Aufsichtsrats einer Aktiengesellschaft: Fehlerhafte Fortsetzung einer untauglichen Sacheinlage; Sorgfaltsanforderung an nichtsachkundiges Vorstandsmitglied; erh\u00f6hter Sorgfaltsma\u00dfstab bei als Rechtsanwalt t\u00e4tigem Aufsichtsratsmitglied. Anmerkung zum BGH-Urteil vom 20.9.2011 \u2013 II ZR 239\/09 \u2013 juris PraxisReport HaGesR 12\/2011<\/p>\n<p>K\u00f6nig, Jochen<br \/>\nKundengelder und Gesellschafterdarlehen als erlaubnispflichtige Bankgesch\u00e4fte, Anmerkung zu BGH, Urteil vom 19. M\u00e4rz 2013 \u2013 juris PraxisReport HaGesR 1\/2014 Anm. 2<\/p>\n<p>K\u00f6nig, Jochen<br \/>\nKein Ausschluss der Vorstandshaftung auf Grund formlos erteilter Zustimmung des Alleinaktion\u00e4rs, OLG K\u00f6ln Urteil vom 25.10.2012 \u2013\u00a0 I-18 U 37\/12, 18 U 37\/12 \u2013 juris PraxisReport HaGesR 9\/2013 Anm. 6<\/p>\n<p>K\u00f6nig, Jochen<br \/>\nKein Schadenersatz f\u00fcr Gesellschafter bei Sch\u00e4digung der Gesellschaft und daraus folgender Minderung des Anteilswertes, BGH-Urteil vom 14.05.2013 \u2013 II ZR 176\/10 \u2013 juris PraxisReport HaGesR 8\/2013 Anm. 3<\/p>\n<p>K\u00f6nig, Jochen<br \/>\nErsatz von Nutzungsausfallsch\u00e4den bei unfallbedingter Sperrung von Verkehrswegen. Anmerkung zu Zentralkommission f\u00fcr die Rheinschiffahrt, Urteil vom 18.03.2013, 473 Z \u2013 1\/13, 473 Z-1\/13, juris PraxisReport HaGesR 5\/2013 Anm. 1<\/p>\n<p>K\u00f6nig, Jochen<br \/>\nZul\u00e4ssigkeit einer r\u00fcckwirkenden Herabsetzung der Verg\u00fctung von Aufsichtsr\u00e4ten. Anmerkung zu LG M\u00fcnchen I, Urteil vom 27.12.2012 \u2013 5 HK O 9109\/12,5 HKO 9109\/12 \u2013 juris PraxisReport HaGesR 3\/2013 Anm. 3<\/p>\n<p>K\u00f6nig, Jochen<br \/>\nEigentums\u00fcbertragung an beweglichen Sachen, die sich in einem anderen Staat als dem Staat befinden, dessen Recht der geschlossene Vertrag unterstellt ist. Anmerkung zum BGH-Urteil vom 20.07.2012 \u2013 V ZR 135\/11 \u2013 juris PraxisReport HaGesR 1\/2013<\/p>\n<p>K\u00f6nig, Jochen<br \/>\nDie doppeln\u00fctzige Treuhand \u2013 Ein Instrument f\u00fcr fast alle (Sanierungs-) F\u00e4lle!? WGZ Bank Newsletter Restrukturierung Ausgabe 12, 30.11.2012<\/p>\n<p>K\u00f6nig, Jochen<br \/>\nGrenze zwischen erlaubter Beratung durch Wirtschaftspr\u00fcfer und Selbstpr\u00fcfungsverbot im Rahmen einer Abschlusspr\u00fcfung, Anmerkung zu BGH-Urteil vom 21.01.2010, \u2013 Xa ZR 175\/07 -, juris PraxisReport HaGesR 4\/2010<\/p>\n<p>K\u00f6nig, Jochen<br \/>\nBilanzen als Grundlage f\u00fcr Aktien- und Unternehmensverk\u00e4ufe, juris PraxisReport HaGesR 12\/2009<\/p>\n<p>K\u00f6nig, Jochen<br \/>\nFeststellung des Jahresabschlusses als deklaratorisches Schuldanerkenntnis, Anmerkung zu BGH-Urteil vom 02.03.2009 \u2013 II ZR 264\/07-, juris PraxisReport HaGesR 9\/2009<\/p>\n<p>K\u00f6nig, Jochen<br \/>\nGesellschafterbeschluss als Voraussetzung einer due diligence, Anmerkung zu LG K\u00f6ln, Urteil vom 26.03.2008 \u2013 90 O 11\/08, juris PraxisReport HaGesR 6\/2009<\/p>\n<p>K\u00f6nig, Jochen<br \/>\nAushungern von Minderheitsgesellschaftern, Anmerkung zu OLG N\u00fcrnberg, Urteil vom 09.07.2008 \u2013 12 U 690\/07, juris PraxisReport HaGesR 2\/2009<\/p>\n<p>K\u00f6nig, Jochen<br \/>\nBei Abspaltungen zu beachtende (Unter-)Grenzen f\u00fcr die Kapitalausstattung der beteiligten Gesellschaften, Anmerkung zu AG Berlin-Charlottenburg, Beschluss vom 28.05.2008, 99 AR 3278\/08, juris PraxisReport HaGesR 5\/2008<\/p>\n<p>K\u00f6nig, Jochen<br \/>\nErstattungsf\u00e4higkeit von Privatgutachterkosten als notwendige Kosten der Rechtsverteidigung, Anmerkung zu OLG D\u00fcsseldorf, Beschluss vom 14.04.2008 \u2013 I-12 W 75\/07 -, juris PraxisReport HaGesR 2\/2008<\/p>\n<p>K\u00f6nig, Jochen<br \/>\nErstattung verbotener R\u00fcckzahlungen durch den darlehensgebenden GmbH-Gesellschafter, Anmerkung zu BGH, Urteil vom 17.03.2008 \u2013 II ZR 24\/07 -, juris PraxisReport HaGesR 1\/2008<\/p>\n<p>K\u00f6nig, Jochen<br \/>\nKraftloserkl\u00e4rung nicht eingereichter Aktien von Minderheitsaktion\u00e4ren nach einem Squeeze-out, NZG 2006, S. 606 ff.<\/p>\n<p>Lesniak, Florian<br \/>\nKein Spekulationsgesch\u00e4ft beim Kauf von Heiz\u00f6l im Internet \u2013 Widerruf m\u00f6glich. Anmerkung zum BGH-Urteil vom 17.06.2015, VIII ZR 249\/14, Rechtsprechungsreport der Ruhr-Universit\u00e4t Bochum<\/p>\n<p>Real, Christoph<br \/>\nUmfang der Untersuchungs- und R\u00fcgepflichten bei \u00a7 377 HGB, Anmerkung zu OLG M\u00fcnchen, Urteil vom 24.09.2015, 23 U 417\/15, juris PraxisReport HaGesR 04\/2016 Anm. 5<\/p>\n<p>Real, Christoph<br \/>\nSubisidiarit\u00e4t der actio pro socio, Anmerkung zu OLG Naumburg vom 08.01.2013, 1 U 52\/12 (Hs), juris PraxisReport HaGesR 10\/2013 Anm. 5<\/p>\n<p>Real, Christoph<br \/>\nRechts- und Parteif\u00e4higkeit von Auslandsgesellschaften mit Verwaltungssitz in Deutschland (\u201cTrabrennbahn\u201d), Anmerkung zu BGH-Urteil vom 27.10.2008, \u2013 II ZR 158\/06 -, juris PraxisReport HaGesR 4\/2009, Zweitver\u00f6ffentlichung in Anwaltsblatt 7\/2009<\/p>\n<p>Real, Christoph<br \/>\nKeine Bereicherung des GmbH-Gesellschafters durch das Hin- und Herzahlen von Stammeinlagen, Anmerkung zu OLG Hamm, Urteil vom 07.11.2007 \u2013 8 U 39\/07 -, juris PraxisReport HaGesR 3\/2008<\/p>\n<p>Sp\u00e4tlich, Anja<br \/>\nDas MiLoG und tarifliche Ausschlussfristen, Anmerkung zu LArbG Frankfurt 19. Kammer, Urteil vom 04.05.2017 \u2013 19 Sa 1172\/16, jurisPraxisReport-ArbR 43\/2017 Anm. 3<\/p>\n<p><a href=\"https:\/\/www.moore-rhein-ruhr.de\/wp-content\/uploads\/2017\/11\/jurispr-arbr_17_2017_spaetlich.pdf\" target=\"_blank\" rel=\"noopener noreferrer\">Sp\u00e4tlich, Anja<br \/>\nMindestlohn und Rufbereitschaftszeiten, Anmerkung zu LArbG Frankfurt, Urteil vom\u00a0\u00a021.11.2016, 16 Sa 1257\/15, juris PraxisReport-ArbR 17\/2017<\/a><\/p>\n<p>Sp\u00e4tlich, Anja<br \/>\nBegr\u00fcndung des Annahmeverzugs ohne tats\u00e4chliches Angebot, Anmerkung zu LArbG Chemnitz, Urteil vom 02.07.2015, 8 SA 71\/15 \u2013 jurisPraxisReport-ArbR 12\/2016 Anm. 2<\/p>\n<p>Sp\u00e4tlich, Anja<br \/>\nAnspruch auf betriebliche Sonderzahlungen auch w\u00e4hrend der Elternzeit, Anmerkung zu LArbG Saarbr\u00fccken, Urteil vom 22.04.2015, 2 Sa 103\/14 \u2013 juris PraxisReport-ArbR 33\/2015 Anm.1<\/p>\n<p>Sp\u00e4tlich, Anja<br \/>\nAktivlegitimation f\u00fcr Schadensersatzforderungen gegen Arbeitnehmer bei Betriebs\u00fcbergang, Anmerkung zu BAG, Urteil vom 21.08.2014, 8 AZR 655\/13 \u2013 jurisPraxisReport-ArbR 7\/2015<\/p>\n<p>Sp\u00e4tlich, Anja<br \/>\nTeilweise Erforderlichkeit von Schulungsveranstaltungen unabh\u00e4ngig von beim Veranstalter vorausgesetzter Gesamtanmeldung, Anmerkung zu LArbG Hamm, Urteil vom 09.09.2014, 7 Sa 13\/14 \u2013 jurisPraxisReport-ArbR 50\/2014<\/p>\n<p>Sp\u00e4tlich, Anja<br \/>\nZwischen Unternehmen vereinbarte Verbote, Arbeitnehmer abzuwerben,im Licht von \u00a7 75f HGB (\u201cAbwerbeverbot\u201d), Anmerkung zu BGH, Urteil vom 30.04.2014, I ZR 245\/12 \u2013 jurisPraxisReport-ArbR 11\/2014<\/p>\n<p>Wintermann, Wolfgang<br \/>\nVerletzung von Offenlegungspflichten bei Inanspruchnahme der Befreiungsvorschrift des \u00a7 264 Abs. 3 HGB bei Konzernmutter mit Sitz im europ\u00e4ischen Ausland, Anmerkung zu LG Bonn, Beschluss vom 13.09.2012, 32 T 1023\/11 \u2013 juris PraxisReport HaGesR 1\/2013<\/p>\n","protected":false},"excerpt":{"rendered":"<p>K\u00f6nig, Dr. Jochen Insolvenzreife des Unternehmenstr\u00e4gers bedingt nicht die Bilanzierung zu Zerschlagungswerten, Anmerkung zu OLG D\u00fcsseldorf, Urteil vom 27.10.2023 \u2013 22 U 111\/23 \u2013 jurisPR-HaGesR 06\/2024 K\u00f6nig, Dr. Jochen Voraussetzungen f\u00fcr Sonderverg\u00fctungen an Aufsichtsratsmitglieder, Anmerkung OLG M\u00fcnchen, Urteil vom 21.02.2024 \u2013 7 U 2211\/23e \u2013 jurisPR-HaGesR 05\/2024 K\u00f6nig, Dr. Jochen \u00a7 181 BGB als Stolperfalle [&hellip;]<\/p>\n","protected":false},"author":1,"featured_media":990,"parent":1432,"menu_order":0,"comment_status":"closed","ping_status":"closed","template":"","meta":{"_acf_changed":false,"footnotes":""},"class_list":["post-1404","page","type-page","status-publish","has-post-thumbnail","hentry"],"acf":[],"_links":{"self":[{"href":"https:\/\/www.moore-rhein-ruhr.de\/en\/wp-json\/wp\/v2\/pages\/1404","targetHints":{"allow":["GET"]}}],"collection":[{"href":"https:\/\/www.moore-rhein-ruhr.de\/en\/wp-json\/wp\/v2\/pages"}],"about":[{"href":"https:\/\/www.moore-rhein-ruhr.de\/en\/wp-json\/wp\/v2\/types\/page"}],"author":[{"embeddable":true,"href":"https:\/\/www.moore-rhein-ruhr.de\/en\/wp-json\/wp\/v2\/users\/1"}],"replies":[{"embeddable":true,"href":"https:\/\/www.moore-rhein-ruhr.de\/en\/wp-json\/wp\/v2\/comments?post=1404"}],"version-history":[{"count":5,"href":"https:\/\/www.moore-rhein-ruhr.de\/en\/wp-json\/wp\/v2\/pages\/1404\/revisions"}],"predecessor-version":[{"id":1700,"href":"https:\/\/www.moore-rhein-ruhr.de\/en\/wp-json\/wp\/v2\/pages\/1404\/revisions\/1700"}],"up":[{"embeddable":true,"href":"https:\/\/www.moore-rhein-ruhr.de\/en\/wp-json\/wp\/v2\/pages\/1432"}],"wp:featuredmedia":[{"embeddable":true,"href":"https:\/\/www.moore-rhein-ruhr.de\/en\/wp-json\/wp\/v2\/media\/990"}],"wp:attachment":[{"href":"https:\/\/www.moore-rhein-ruhr.de\/en\/wp-json\/wp\/v2\/media?parent=1404"}],"curies":[{"name":"wp","href":"https:\/\/api.w.org\/{rel}","templated":true}]}}